{"id":2280,"date":"2022-11-19T09:00:57","date_gmt":"2022-11-19T08:00:57","guid":{"rendered":"https:\/\/techzug.ch\/?page_id=2280"},"modified":"2026-04-16T14:38:20","modified_gmt":"2026-04-16T12:38:20","slug":"verein-information","status":"publish","type":"page","link":"https:\/\/zugerprivileg.ch\/?page_id=2280","title":{"rendered":"VEREIN INFORMATION"},"content":{"rendered":"\t\t<div data-elementor-type=\"wp-page\" data-elementor-id=\"2280\" class=\"elementor elementor-2280\" data-elementor-settings=\"{&quot;ha_cmc_init_switcher&quot;:&quot;no&quot;}\" data-elementor-post-type=\"page\">\n\t\t\t\t\t\t<section class=\"elementor-section elementor-top-section elementor-element elementor-element-511c003 elementor-section-boxed elementor-section-height-default elementor-section-height-default\" data-id=\"511c003\" data-element_type=\"section\" data-e-type=\"section\" id=\"mainSection\">\n\t\t\t\t\t\t<div class=\"elementor-container elementor-column-gap-default\">\n\t\t\t\t\t<div class=\"elementor-column elementor-col-50 elementor-top-column elementor-element elementor-element-6b02d99 sectionColumn\" data-id=\"6b02d99\" data-element_type=\"column\" data-e-type=\"column\">\n\t\t\t<div class=\"elementor-widget-wrap elementor-element-populated\">\n\t\t\t\t\t\t<section class=\"elementor-section elementor-inner-section elementor-element elementor-element-e9a1f9a elementor-section-boxed elementor-section-height-default elementor-section-height-default\" data-id=\"e9a1f9a\" data-element_type=\"section\" data-e-type=\"section\">\n\t\t\t\t\t\t<div class=\"elementor-container elementor-column-gap-default\">\n\t\t\t\t\t<div class=\"elementor-column elementor-col-100 elementor-inner-column elementor-element elementor-element-37f15f6 leftColumn\" data-id=\"37f15f6\" data-element_type=\"column\" data-e-type=\"column\">\n\t\t\t<div class=\"elementor-widget-wrap elementor-element-populated\">\n\t\t\t\t\t\t<div class=\"elementor-element elementor-element-cc424fd elementor-widget elementor-widget-text-editor\" data-id=\"cc424fd\" data-element_type=\"widget\" data-e-type=\"widget\" data-widget_type=\"text-editor.default\">\n\t\t\t\t<div class=\"elementor-widget-container\">\n\t\t\t\t\t\t\t\t\t<p>Der Verein bietet spezielle Veranstal-<br \/>tungen, die man in der Kulturlandschaft nicht so ohne Weiteres findet. Dank dem Jahresbeitrag der Mitglieder kann der Vorstand diese gen\u00fcsslichen, skurrilen, bedenkenswerten, lustvollen Kultur-<br \/>gen\u00fcsse organisieren und durchf\u00fchren.<br \/>Die Mitglieder des Zuger Privileg werden pers\u00f6nlich \u00fcber die bevorstehenden Veranstaltungen informiert. Sie k\u00f6nnen an kleineren Veranstaltungen kostenlos teil-<br \/>nehmen, erhalten erm\u00e4ssigten Eintritt bei gr\u00f6sseren Veranstaltungen und den<br \/>Matin\u00e9es Culinaires. Einige Veranstal-<br \/>tungen sind den Mitgliedern vorbehalten.<\/p>\t\t\t\t\t\t\t\t<\/div>\n\t\t\t\t<\/div>\n\t\t\t\t\t<\/div>\n\t\t<\/div>\n\t\t\t\t\t<\/div>\n\t\t<\/section>\n\t\t\t\t\t<\/div>\n\t\t<\/div>\n\t\t\t\t<div class=\"elementor-column elementor-col-50 elementor-top-column elementor-element elementor-element-dd96668 sectionColumn\" data-id=\"dd96668\" data-element_type=\"column\" data-e-type=\"column\">\n\t\t\t<div class=\"elementor-widget-wrap elementor-element-populated\">\n\t\t\t\t\t\t<section class=\"elementor-section elementor-inner-section elementor-element elementor-element-7030d45 elementor-section-boxed elementor-section-height-default elementor-section-height-default\" data-id=\"7030d45\" data-element_type=\"section\" data-e-type=\"section\">\n\t\t\t\t\t\t<div class=\"elementor-container elementor-column-gap-default\">\n\t\t\t\t\t<div class=\"elementor-column elementor-col-50 elementor-inner-column elementor-element elementor-element-3d8d208\" data-id=\"3d8d208\" data-element_type=\"column\" data-e-type=\"column\">\n\t\t\t<div class=\"elementor-widget-wrap elementor-element-populated\">\n\t\t\t\t\t\t<div class=\"elementor-element elementor-element-bf26ce8 elementor-widget elementor-widget-text-editor\" data-id=\"bf26ce8\" data-element_type=\"widget\" data-e-type=\"widget\" data-widget_type=\"text-editor.default\">\n\t\t\t\t<div class=\"elementor-widget-container\">\n\t\t\t\t\t\t\t\t\t<div class=\"page\" title=\"Page 2\"><div class=\"layoutArea\"><div class=\"column\"><p>Der Vorstand<\/p><\/div><\/div><\/div>\t\t\t\t\t\t\t\t<\/div>\n\t\t\t\t<\/div>\n\t\t\t\t\t<\/div>\n\t\t<\/div>\n\t\t\t\t<div class=\"elementor-column elementor-col-50 elementor-inner-column elementor-element elementor-element-5115678\" data-id=\"5115678\" data-element_type=\"column\" data-e-type=\"column\">\n\t\t\t<div class=\"elementor-widget-wrap elementor-element-populated\">\n\t\t\t\t\t\t<div class=\"elementor-element elementor-element-dc06d36 elementor-widget elementor-widget-text-editor\" data-id=\"dc06d36\" data-element_type=\"widget\" data-e-type=\"widget\" data-widget_type=\"text-editor.default\">\n\t\t\t\t<div class=\"elementor-widget-container\">\n\t\t\t\t\t\t\t\t\tDelfs Carlo<br>\nFeierabend Brigitte<br>\nMorillas Pedren\u0303o Juana<br>\nStuder-Milz Iris<br>\nKrucker Esther<br>\t\t\t\t\t\t\t\t<\/div>\n\t\t\t\t<\/div>\n\t\t\t\t\t<\/div>\n\t\t<\/div>\n\t\t\t\t\t<\/div>\n\t\t<\/section>\n\t\t\t\t<section class=\"elementor-section elementor-inner-section elementor-element elementor-element-9c9d477 elementor-section-boxed elementor-section-height-default elementor-section-height-default\" data-id=\"9c9d477\" data-element_type=\"section\" data-e-type=\"section\">\n\t\t\t\t\t\t<div class=\"elementor-container elementor-column-gap-default\">\n\t\t\t\t\t<div class=\"elementor-column elementor-col-50 elementor-inner-column elementor-element elementor-element-04b538d\" data-id=\"04b538d\" data-element_type=\"column\" data-e-type=\"column\">\n\t\t\t<div class=\"elementor-widget-wrap elementor-element-populated\">\n\t\t\t\t\t\t<div class=\"elementor-element elementor-element-905316f elementor-widget elementor-widget-text-editor\" data-id=\"905316f\" data-element_type=\"widget\" data-e-type=\"widget\" data-widget_type=\"text-editor.default\">\n\t\t\t\t<div class=\"elementor-widget-container\">\n\t\t\t\t\t\t\t\t\t<div class=\"page\" title=\"Page 2\"><div class=\"layoutArea\"><div class=\"column\"><div class=\"page\" title=\"Page 2\"><div class=\"layoutArea\"><div class=\"column\"><p>Kontaktadresse<\/p><\/div><\/div><\/div><\/div><\/div><\/div>\t\t\t\t\t\t\t\t<\/div>\n\t\t\t\t<\/div>\n\t\t\t\t\t<\/div>\n\t\t<\/div>\n\t\t\t\t<div class=\"elementor-column elementor-col-50 elementor-inner-column elementor-element elementor-element-2d55af6\" data-id=\"2d55af6\" data-element_type=\"column\" data-e-type=\"column\">\n\t\t\t<div class=\"elementor-widget-wrap elementor-element-populated\">\n\t\t\t\t\t\t<div class=\"elementor-element elementor-element-03a7354 elementor-widget elementor-widget-global elementor-global-1321 elementor-widget-text-editor\" data-id=\"03a7354\" data-element_type=\"widget\" data-e-type=\"widget\" data-widget_type=\"text-editor.default\">\n\t\t\t\t<div class=\"elementor-widget-container\">\n\t\t\t\t\t\t\t\t\tdas neue Zuger Privileg<br>\nc\/o Iris Studer &#8211; Milz<br>\nGrafenaustrasse 9<br>\n6300 Zug<br>\n<a href=\"mailto:mail@zugerprivileg.ch\">mail@zugerprivileg.ch<\/a>\t\t\t\t\t\t\t\t<\/div>\n\t\t\t\t<\/div>\n\t\t\t\t\t<\/div>\n\t\t<\/div>\n\t\t\t\t\t<\/div>\n\t\t<\/section>\n\t\t\t\t<section class=\"elementor-section elementor-inner-section elementor-element elementor-element-488185a elementor-section-boxed elementor-section-height-default elementor-section-height-default\" data-id=\"488185a\" data-element_type=\"section\" data-e-type=\"section\">\n\t\t\t\t\t\t<div class=\"elementor-container elementor-column-gap-default\">\n\t\t\t\t\t<div class=\"elementor-column elementor-col-50 elementor-inner-column elementor-element elementor-element-8c70dee\" data-id=\"8c70dee\" data-element_type=\"column\" data-e-type=\"column\">\n\t\t\t<div class=\"elementor-widget-wrap elementor-element-populated\">\n\t\t\t\t\t\t<div class=\"elementor-element elementor-element-fc0593f elementor-widget elementor-widget-text-editor\" data-id=\"fc0593f\" data-element_type=\"widget\" data-e-type=\"widget\" data-widget_type=\"text-editor.default\">\n\t\t\t\t<div class=\"elementor-widget-container\">\n\t\t\t\t\t\t\t\t\t<div class=\"page\" title=\"Page 2\"><div class=\"layoutArea\"><div class=\"column\"><div class=\"page\" title=\"Page 2\"><div class=\"layoutArea\"><div class=\"column\"><div class=\"page\" title=\"Page 2\"><div class=\"layoutArea\"><div class=\"column\"><p>Dokumente zum Download<\/p><\/div><\/div><\/div><\/div><\/div><\/div><\/div><\/div><\/div>\t\t\t\t\t\t\t\t<\/div>\n\t\t\t\t<\/div>\n\t\t\t\t\t<\/div>\n\t\t<\/div>\n\t\t\t\t<div class=\"elementor-column elementor-col-50 elementor-inner-column elementor-element elementor-element-378ea7e\" data-id=\"378ea7e\" data-element_type=\"column\" data-e-type=\"column\">\n\t\t\t<div class=\"elementor-widget-wrap elementor-element-populated\">\n\t\t\t\t\t\t<div class=\"elementor-element elementor-element-a6aeb68 elementor-widget elementor-widget-global elementor-global-1359 elementor-widget-text-editor\" data-id=\"a6aeb68\" data-element_type=\"widget\" data-e-type=\"widget\" data-widget_type=\"text-editor.default\">\n\t\t\t\t<div class=\"elementor-widget-container\">\n\t\t\t\t\t\t\t\t\t<p><a href=\"https:\/\/zugerprivileg.ch\/wp-content\/uploads\/2022\/10\/Statuten_2021.pdf\" target=\"_blank\" rel=\"noopener\">Vereinsstatuten<\/a><\/p><p><a href=\"https:\/\/zugerprivileg.ch\/wp-content\/uploads\/2024\/05\/Merkblatt-Datenschutz.pdf\" target=\"_blank\" rel=\"noopener\">Merkblatt Datenschutz<\/a><\/p><p><a href=\"https:\/\/zugerprivileg.ch\/wp-content\/uploads\/2024\/05\/Datenschutzerklaerung.pdf\" target=\"_blank\" rel=\"noopener\">Datenschutzerkl\u00e4rung<\/a><\/p>\t\t\t\t\t\t\t\t<\/div>\n\t\t\t\t<\/div>\n\t\t\t\t\t<\/div>\n\t\t<\/div>\n\t\t\t\t\t<\/div>\n\t\t<\/section>\n\t\t\t\t<section class=\"elementor-section elementor-inner-section elementor-element elementor-element-1058c49 elementor-section-boxed elementor-section-height-default elementor-section-height-default\" data-id=\"1058c49\" data-element_type=\"section\" data-e-type=\"section\">\n\t\t\t\t\t\t<div class=\"elementor-container elementor-column-gap-default\">\n\t\t\t\t\t<div class=\"elementor-column elementor-col-50 elementor-inner-column elementor-element elementor-element-b5305b9\" data-id=\"b5305b9\" data-element_type=\"column\" data-e-type=\"column\">\n\t\t\t<div class=\"elementor-widget-wrap elementor-element-populated\">\n\t\t\t\t\t\t<div class=\"elementor-element elementor-element-ddd9c65 elementor-widget elementor-widget-text-editor\" data-id=\"ddd9c65\" data-element_type=\"widget\" data-e-type=\"widget\" data-widget_type=\"text-editor.default\">\n\t\t\t\t<div class=\"elementor-widget-container\">\n\t\t\t\t\t\t\t\t\t<div class=\"page\" title=\"Page 2\"><div class=\"layoutArea\"><div class=\"column\"><div class=\"page\" title=\"Page 2\"><div class=\"layoutArea\"><div class=\"column\"><div class=\"page\" title=\"Page 2\"><div class=\"layoutArea\"><div class=\"column\"><div class=\"page\" title=\"Page 2\"><div class=\"layoutArea\"><div class=\"column\"><p>Mitgliederbeitra\u0308ge<\/p><\/div><\/div><\/div><\/div><\/div><\/div><\/div><\/div><\/div><\/div><\/div><\/div>\t\t\t\t\t\t\t\t<\/div>\n\t\t\t\t<\/div>\n\t\t\t\t\t<\/div>\n\t\t<\/div>\n\t\t\t\t<div class=\"elementor-column elementor-col-50 elementor-inner-column elementor-element elementor-element-9c4cce7\" data-id=\"9c4cce7\" data-element_type=\"column\" data-e-type=\"column\">\n\t\t\t<div class=\"elementor-widget-wrap elementor-element-populated\">\n\t\t\t\t\t\t<div class=\"elementor-element elementor-element-977f6fd elementor-widget elementor-widget-text-editor\" data-id=\"977f6fd\" data-element_type=\"widget\" data-e-type=\"widget\" data-widget_type=\"text-editor.default\">\n\t\t\t\t<div class=\"elementor-widget-container\">\n\t\t\t\t\t\t\t\t\t<p>Einzelperson 100 CHF<br \/>Paare 150 CHF<\/p>\t\t\t\t\t\t\t\t<\/div>\n\t\t\t\t<\/div>\n\t\t\t\t\t<\/div>\n\t\t<\/div>\n\t\t\t\t\t<\/div>\n\t\t<\/section>\n\t\t\t\t\t<\/div>\n\t\t<\/div>\n\t\t\t\t\t<\/div>\n\t\t<\/section>\n\t\t\t\t<section class=\"elementor-section elementor-top-section elementor-element elementor-element-dfe0055 elementor-section-boxed elementor-section-height-default elementor-section-height-default\" data-id=\"dfe0055\" data-element_type=\"section\" data-e-type=\"section\">\n\t\t\t\t\t\t<div class=\"elementor-container elementor-column-gap-default\">\n\t\t\t\t\t<div class=\"elementor-column elementor-col-100 elementor-top-column elementor-element elementor-element-242c5c2\" data-id=\"242c5c2\" data-element_type=\"column\" data-e-type=\"column\">\n\t\t\t<div class=\"elementor-widget-wrap elementor-element-populated\">\n\t\t\t\t\t\t<div class=\"elementor-element elementor-element-0fb9920 elementor-widget elementor-widget-image\" data-id=\"0fb9920\" data-element_type=\"widget\" data-e-type=\"widget\" data-widget_type=\"image.default\">\n\t\t\t\t<div class=\"elementor-widget-container\">\n\t\t\t\t\t\t\t\t\t\t\t\t\t\t\t<img fetchpriority=\"high\" decoding=\"async\" width=\"2560\" height=\"1920\" src=\"https:\/\/zugerprivileg.ch\/wp-content\/uploads\/2026\/04\/vorstand-scaled.jpg\" class=\"attachment-full size-full wp-image-2998\" alt=\"\" srcset=\"https:\/\/zugerprivileg.ch\/wp-content\/uploads\/2026\/04\/vorstand-scaled.jpg 2560w, https:\/\/zugerprivileg.ch\/wp-content\/uploads\/2026\/04\/vorstand-300x225.jpg 300w, https:\/\/zugerprivileg.ch\/wp-content\/uploads\/2026\/04\/vorstand-1024x768.jpg 1024w, https:\/\/zugerprivileg.ch\/wp-content\/uploads\/2026\/04\/vorstand-768x576.jpg 768w, https:\/\/zugerprivileg.ch\/wp-content\/uploads\/2026\/04\/vorstand-1536x1152.jpg 1536w, https:\/\/zugerprivileg.ch\/wp-content\/uploads\/2026\/04\/vorstand-2048x1536.jpg 2048w\" sizes=\"(max-width: 2560px) 100vw, 2560px\" \/>\t\t\t\t\t\t\t\t\t\t\t\t\t\t\t<\/div>\n\t\t\t\t<\/div>\n\t\t\t\t\t<\/div>\n\t\t<\/div>\n\t\t\t\t\t<\/div>\n\t\t<\/section>\n\t\t\t\t<\/div>\n\t\t","protected":false},"excerpt":{"rendered":"<p>Der Verein bietet spezielle Veranstal-tungen, die man in der Kulturlandschaft nicht so ohne Weiteres findet. Dank dem Jahresbeitrag der Mitglieder kann der Vorstand diese gen\u00fcsslichen, skurrilen, bedenkenswerten, lustvollen Kultur-gen\u00fcsse organisieren und durchf\u00fchren.Die Mitglieder des Zuger Privileg werden pers\u00f6nlich \u00fcber die bevorstehenden Veranstaltungen informiert. Sie k\u00f6nnen an kleineren Veranstaltungen kostenlos teil-nehmen, erhalten erm\u00e4ssigten Eintritt bei gr\u00f6sseren [&hellip;]<\/p>\n","protected":false},"author":5,"featured_media":0,"parent":0,"menu_order":0,"comment_status":"closed","ping_status":"closed","template":"elementor_header_footer","meta":{"footnotes":""},"class_list":["post-2280","page","type-page","status-publish","hentry"],"_links":{"self":[{"href":"https:\/\/zugerprivileg.ch\/index.php?rest_route=\/wp\/v2\/pages\/2280","targetHints":{"allow":["GET"]}}],"collection":[{"href":"https:\/\/zugerprivileg.ch\/index.php?rest_route=\/wp\/v2\/pages"}],"about":[{"href":"https:\/\/zugerprivileg.ch\/index.php?rest_route=\/wp\/v2\/types\/page"}],"author":[{"embeddable":true,"href":"https:\/\/zugerprivileg.ch\/index.php?rest_route=\/wp\/v2\/users\/5"}],"replies":[{"embeddable":true,"href":"https:\/\/zugerprivileg.ch\/index.php?rest_route=%2Fwp%2Fv2%2Fcomments&post=2280"}],"version-history":[{"count":40,"href":"https:\/\/zugerprivileg.ch\/index.php?rest_route=\/wp\/v2\/pages\/2280\/revisions"}],"predecessor-version":[{"id":3001,"href":"https:\/\/zugerprivileg.ch\/index.php?rest_route=\/wp\/v2\/pages\/2280\/revisions\/3001"}],"wp:attachment":[{"href":"https:\/\/zugerprivileg.ch\/index.php?rest_route=%2Fwp%2Fv2%2Fmedia&parent=2280"}],"curies":[{"name":"wp","href":"https:\/\/api.w.org\/{rel}","templated":true}]}}