{"id":89,"date":"2022-07-25T20:01:11","date_gmt":"2022-07-25T18:01:11","guid":{"rendered":"https:\/\/techzug.ch\/?page_id=89"},"modified":"2026-04-16T14:39:11","modified_gmt":"2026-04-16T12:39:11","slug":"verein","status":"publish","type":"page","link":"https:\/\/zugerprivileg.ch\/","title":{"rendered":"VEREIN"},"content":{"rendered":"\t\t<div data-elementor-type=\"wp-page\" data-elementor-id=\"89\" class=\"elementor elementor-89\" data-elementor-settings=\"{&quot;ha_cmc_init_switcher&quot;:&quot;no&quot;}\" data-elementor-post-type=\"page\">\n\t\t\t\t\t\t<section class=\"elementor-section elementor-top-section elementor-element elementor-element-f70998f elementor-section-content-middle elementor-reverse-mobile elementor-section-boxed elementor-section-height-default elementor-section-height-default\" data-id=\"f70998f\" data-element_type=\"section\" data-e-type=\"section\" id=\"mainSection\">\n\t\t\t\t\t\t<div class=\"elementor-container elementor-column-gap-no\">\n\t\t\t\t\t<div class=\"elementor-column elementor-col-50 elementor-top-column elementor-element elementor-element-22b7d30 leftColumn\" data-id=\"22b7d30\" data-element_type=\"column\" data-e-type=\"column\">\n\t\t\t<div class=\"elementor-widget-wrap elementor-element-populated\">\n\t\t\t\t\t\t<div class=\"elementor-element elementor-element-d232bce elementor-widget elementor-widget-text-editor\" data-id=\"d232bce\" data-element_type=\"widget\" data-e-type=\"widget\" data-widget_type=\"text-editor.default\">\n\t\t\t\t<div class=\"elementor-widget-container\">\n\t\t\t\t\t\t\t\t\t<p><br><\/p><p><br><\/p><p>Was \u00fcbersehen wird, erh\u00e4lt das Privileg der Aufmerksamkeit<\/p>\n<p>Der Verein \u00abDas neue Zuger Privileg\u00bb bietet kleinen, versteckten und vielleicht sogar allt\u00e4glichen Kunstfertigkeiten eine privilegierte Plattform. Er organisiert j\u00e4hrlich mehrere Anl\u00e4sse. Diese sind wie Wanderungen durch gestalterische, literarische, kulinarische, musikalische oder handwerkliche Glanzst\u00fccke des kulturellen Schaffens. Ganz unbedacht ob klein oder gross, bekannt oder unbekannt, von hier oder von dort. Aber immer \u00fcberraschend und interessant.<\/p>\t\t\t\t\t\t\t\t<\/div>\n\t\t\t\t<\/div>\n\t\t\t\t<div class=\"elementor-element elementor-element-f9899f7 elementor-align-left elementor-widget elementor-widget-button\" data-id=\"f9899f7\" data-element_type=\"widget\" data-e-type=\"widget\" data-widget_type=\"button.default\">\n\t\t\t\t<div class=\"elementor-widget-container\">\n\t\t\t\t\t\t\t\t\t<div class=\"elementor-button-wrapper\">\n\t\t\t\t\t<a class=\"elementor-button elementor-button-link elementor-size-sm\" href=\"https:\/\/zugerprivileg.ch\/?page_id=2280\">\n\t\t\t\t\t\t<span class=\"elementor-button-content-wrapper\">\n\t\t\t\t\t\t<span class=\"elementor-button-icon\">\n\t\t\t\t<i aria-hidden=\"true\" class=\"fas fa-arrow-right\"><\/i>\t\t\t<\/span>\n\t\t\t\t\t\t\t\t\t<span class=\"elementor-button-text\">mehr<\/span>\n\t\t\t\t\t<\/span>\n\t\t\t\t\t<\/a>\n\t\t\t\t<\/div>\n\t\t\t\t\t\t\t\t<\/div>\n\t\t\t\t<\/div>\n\t\t\t\t\t<\/div>\n\t\t<\/div>\n\t\t\t\t<div class=\"elementor-column elementor-col-50 elementor-top-column elementor-element elementor-element-3ae43bd\" data-id=\"3ae43bd\" data-element_type=\"column\" data-e-type=\"column\">\n\t\t\t<div class=\"elementor-widget-wrap elementor-element-populated\">\n\t\t\t\t\t\t<div class=\"elementor-element elementor-element-abae5f7 elementor-widget elementor-widget-image\" data-id=\"abae5f7\" data-element_type=\"widget\" data-e-type=\"widget\" data-widget_type=\"image.default\">\n\t\t\t\t<div class=\"elementor-widget-container\">\n\t\t\t\t\t\t\t\t\t\t\t\t\t\t\t<img fetchpriority=\"high\" decoding=\"async\" width=\"2560\" height=\"1920\" src=\"https:\/\/zugerprivileg.ch\/wp-content\/uploads\/2026\/04\/hero-scaled.jpg\" class=\"attachment-full size-full wp-image-3002\" alt=\"\" srcset=\"https:\/\/zugerprivileg.ch\/wp-content\/uploads\/2026\/04\/hero-scaled.jpg 2560w, https:\/\/zugerprivileg.ch\/wp-content\/uploads\/2026\/04\/hero-300x225.jpg 300w, https:\/\/zugerprivileg.ch\/wp-content\/uploads\/2026\/04\/hero-1024x768.jpg 1024w, https:\/\/zugerprivileg.ch\/wp-content\/uploads\/2026\/04\/hero-768x576.jpg 768w, https:\/\/zugerprivileg.ch\/wp-content\/uploads\/2026\/04\/hero-1536x1152.jpg 1536w, https:\/\/zugerprivileg.ch\/wp-content\/uploads\/2026\/04\/hero-2048x1536.jpg 2048w\" sizes=\"(max-width: 2560px) 100vw, 2560px\" \/>\t\t\t\t\t\t\t\t\t\t\t\t\t\t\t<\/div>\n\t\t\t\t<\/div>\n\t\t\t\t\t<\/div>\n\t\t<\/div>\n\t\t\t\t\t<\/div>\n\t\t<\/section>\n\t\t\t\t<\/div>\n\t\t","protected":false},"excerpt":{"rendered":"<p>Was \u00fcbersehen wird, erh\u00e4lt das Privileg der Aufmerksamkeit Der Verein \u00abDas neue Zuger Privileg\u00bb bietet kleinen, versteckten und vielleicht sogar allt\u00e4glichen Kunstfertigkeiten eine privilegierte Plattform. Er organisiert j\u00e4hrlich mehrere Anl\u00e4sse. Diese sind wie Wanderungen durch gestalterische, literarische, kulinarische, musikalische oder handwerkliche Glanzst\u00fccke des kulturellen Schaffens. Ganz unbedacht ob klein oder gross, bekannt oder unbekannt, von [&hellip;]<\/p>\n","protected":false},"author":5,"featured_media":2430,"parent":0,"menu_order":0,"comment_status":"closed","ping_status":"closed","template":"elementor_header_footer","meta":{"footnotes":""},"class_list":["post-89","page","type-page","status-publish","has-post-thumbnail","hentry"],"_links":{"self":[{"href":"https:\/\/zugerprivileg.ch\/index.php?rest_route=\/wp\/v2\/pages\/89","targetHints":{"allow":["GET"]}}],"collection":[{"href":"https:\/\/zugerprivileg.ch\/index.php?rest_route=\/wp\/v2\/pages"}],"about":[{"href":"https:\/\/zugerprivileg.ch\/index.php?rest_route=\/wp\/v2\/types\/page"}],"author":[{"embeddable":true,"href":"https:\/\/zugerprivileg.ch\/index.php?rest_route=\/wp\/v2\/users\/5"}],"replies":[{"embeddable":true,"href":"https:\/\/zugerprivileg.ch\/index.php?rest_route=%2Fwp%2Fv2%2Fcomments&post=89"}],"version-history":[{"count":343,"href":"https:\/\/zugerprivileg.ch\/index.php?rest_route=\/wp\/v2\/pages\/89\/revisions"}],"predecessor-version":[{"id":3005,"href":"https:\/\/zugerprivileg.ch\/index.php?rest_route=\/wp\/v2\/pages\/89\/revisions\/3005"}],"wp:featuredmedia":[{"embeddable":true,"href":"https:\/\/zugerprivileg.ch\/index.php?rest_route=\/wp\/v2\/media\/2430"}],"wp:attachment":[{"href":"https:\/\/zugerprivileg.ch\/index.php?rest_route=%2Fwp%2Fv2%2Fmedia&parent=89"}],"curies":[{"name":"wp","href":"https:\/\/api.w.org\/{rel}","templated":true}]}}